
{"id":3426,"date":"2020-11-29T17:38:12","date_gmt":"2020-11-29T17:38:12","guid":{"rendered":"http:\/\/peoplefocushr.com\/?page_id=3426"},"modified":"2021-07-09T11:30:03","modified_gmt":"2021-07-09T11:30:03","slug":"organization-design","status":"publish","type":"page","link":"https:\/\/peoplefocushr.com\/en\/our-services\/end-to-end-human-resources-consultancy\/organization-design\/","title":{"rendered":"Organization Design"},"content":{"rendered":"\t\t<div data-elementor-type=\"wp-page\" data-elementor-id=\"3426\" class=\"elementor elementor-3426\">\n\t\t\t\t\t\t<div class=\"elementor-inner\">\n\t\t\t\t<div class=\"elementor-section-wrap\">\n\t\t\t\t\t\t\t\t\t<section class=\"has_ma_el_bg_slider elementor-section elementor-top-section elementor-element elementor-element-3051694 elementor-section-full_width elementor-section-height-default elementor-section-height-default jltma-glass-effect-no\" data-id=\"3051694\" data-element_type=\"section\" data-settings=\"{&quot;background_background&quot;:&quot;classic&quot;}\">\n\t\t\t\t\t\t\t<div class=\"elementor-background-overlay\"><\/div>\n\t\t\t\t\t\t\t<div class=\"elementor-container elementor-column-gap-no\">\n\t\t\t\t\t\t\t<div class=\"elementor-row\">\n\t\t\t\t\t<div class=\"has_ma_el_bg_slider elementor-column elementor-col-100 elementor-top-column elementor-element elementor-element-1e8e225 jltma-glass-effect-no\" data-id=\"1e8e225\" data-element_type=\"column\">\n\t\t\t<div class=\"elementor-column-wrap elementor-element-populated\">\n\t\t\t\t\t\t\t<div class=\"elementor-widget-wrap\">\n\t\t\t\t\t\t<div class=\"elementor-element elementor-element-d68c7df animated-fast jltma-glass-effect-no elementor-invisible elementor-widget elementor-widget-heading\" data-id=\"d68c7df\" data-element_type=\"widget\" data-settings=\"{&quot;_animation&quot;:&quot;slideInUp&quot;,&quot;_animation_delay&quot;:300}\" data-widget_type=\"heading.default\">\n\t\t\t\t<div class=\"elementor-widget-container\">\n\t\t\t<h2 class=\"elementor-heading-title elementor-size-default\">Organization Design<\/h2>\t\t<\/div>\n\t\t\t\t<\/div>\n\t\t\t\t<div class=\"elementor-element elementor-element-2eaeffc animated-fast jltma-glass-effect-no elementor-invisible elementor-widget elementor-widget-shortcode\" data-id=\"2eaeffc\" data-element_type=\"widget\" data-settings=\"{&quot;_animation&quot;:&quot;slideInUp&quot;,&quot;_animation_delay&quot;:400}\" data-widget_type=\"shortcode.default\">\n\t\t\t\t<div class=\"elementor-widget-container\">\n\t\t\t\n<style type=\"text\/css\" id=\"breadcrumb-trail-css\">.breadcrumbs .trail-browse,.breadcrumbs .trail-items,.breadcrumbs .trail-items li {display: inline-block;margin:0;padding: 0;border:none;background:transparent;text-indent: 0;}.breadcrumbs .trail-browse {font-size: inherit;font-style:inherit;font-weight: inherit;color: inherit;}.breadcrumbs .trail-items {list-style: none;}.trail-items li::after {content: \"\\002F\";padding: 0 0.5em;}.trail-items li:last-of-type::after {display: none;}<\/style>\n<nav role=\"navigation\" aria-label=\"Breadcrumbs\" class=\"breadcrumb-trail breadcrumbs\"><ul class=\"trail-items\"><li class=\"trail-item trail-end\"><a href=\"https:\/\/peoplefocushr.com\/en\/\" rel=\"home\"><span>Home<\/span><\/a><\/li><\/ul><\/nav>\t\t<div class=\"elementor-shortcode\"> <\/div>\n\t\t\t\t<\/div>\n\t\t\t\t<\/div>\n\t\t\t\t\t\t<\/div>\n\t\t\t\t\t<\/div>\n\t\t<\/div>\n\t\t\t\t\t\t\t\t<\/div>\n\t\t\t\t\t<\/div>\n\t\t<\/section>\n\t\t\t\t<section class=\"has_ma_el_bg_slider elementor-section elementor-top-section elementor-element elementor-element-ccf7a3f elementor-section-content-middle elementor-section-boxed elementor-section-height-default elementor-section-height-default jltma-glass-effect-no\" data-id=\"ccf7a3f\" data-element_type=\"section\">\n\t\t\t\t\t\t<div class=\"elementor-container elementor-column-gap-default\">\n\t\t\t\t\t\t\t<div class=\"elementor-row\">\n\t\t\t\t\t<div class=\"has_ma_el_bg_slider elementor-column elementor-col-50 elementor-top-column elementor-element elementor-element-377cfdc animated-fast jltma-glass-effect-no elementor-invisible\" data-id=\"377cfdc\" data-element_type=\"column\" data-settings=\"{&quot;animation&quot;:&quot;slideInLeft&quot;,&quot;animation_delay&quot;:300}\">\n\t\t\t<div class=\"elementor-column-wrap elementor-element-populated\">\n\t\t\t\t\t\t\t<div class=\"elementor-widget-wrap\">\n\t\t\t\t\t\t<div class=\"elementor-element elementor-element-2de5b1a jltma-glass-effect-no elementor-widget elementor-widget-image\" data-id=\"2de5b1a\" data-element_type=\"widget\" data-widget_type=\"image.default\">\n\t\t\t\t<div class=\"elementor-widget-container\">\n\t\t\t\t\t\t\t\t<div class=\"elementor-image\">\n\t\t\t\t\t\t\t\t\t\t\t\t<img decoding=\"async\" width=\"1000\" height=\"703\" src=\"https:\/\/peoplefocushr.com\/wp-content\/uploads\/2020\/12\/foto-13-1024x720.jpg\" class=\"attachment-large size-large wp-image-3638\" alt=\"\" loading=\"lazy\" srcset=\"https:\/\/peoplefocushr.com\/wp-content\/uploads\/2020\/12\/foto-13-1024x720.jpg 1024w, https:\/\/peoplefocushr.com\/wp-content\/uploads\/2020\/12\/foto-13-300x211.jpg 300w, https:\/\/peoplefocushr.com\/wp-content\/uploads\/2020\/12\/foto-13-768x540.jpg 768w, https:\/\/peoplefocushr.com\/wp-content\/uploads\/2020\/12\/foto-13-500x351.jpg 500w, https:\/\/peoplefocushr.com\/wp-content\/uploads\/2020\/12\/foto-13-800x562.jpg 800w, https:\/\/peoplefocushr.com\/wp-content\/uploads\/2020\/12\/foto-13-1280x900.jpg 1280w, https:\/\/peoplefocushr.com\/wp-content\/uploads\/2020\/12\/foto-13-1920x1349.jpg 1920w, https:\/\/peoplefocushr.com\/wp-content\/uploads\/2020\/12\/foto-13-1536x1079.jpg 1536w, https:\/\/peoplefocushr.com\/wp-content\/uploads\/2020\/12\/foto-13-2048x1439.jpg 2048w, https:\/\/peoplefocushr.com\/wp-content\/uploads\/2020\/12\/foto-13-600x422.jpg 600w\" sizes=\"(max-width: 1000px) 100vw, 1000px\" \/>\t\t\t\t\t\t\t\t\t\t\t\t\t\t<\/div>\n\t\t\t\t\t\t<\/div>\n\t\t\t\t<\/div>\n\t\t\t\t\t\t<\/div>\n\t\t\t\t\t<\/div>\n\t\t<\/div>\n\t\t\t\t<div class=\"has_ma_el_bg_slider elementor-column elementor-col-50 elementor-top-column elementor-element elementor-element-e20cd7f animated-fast jltma-glass-effect-no elementor-invisible\" data-id=\"e20cd7f\" data-element_type=\"column\" data-settings=\"{&quot;animation&quot;:&quot;slideInRight&quot;,&quot;animation_delay&quot;:300}\">\n\t\t\t<div class=\"elementor-column-wrap elementor-element-populated\">\n\t\t\t\t\t\t\t<div class=\"elementor-widget-wrap\">\n\t\t\t\t\t\t<div class=\"elementor-element elementor-element-dc42a07 jltma-glass-effect-no elementor-widget elementor-widget-text-editor\" data-id=\"dc42a07\" data-element_type=\"widget\" data-widget_type=\"text-editor.default\">\n\t\t\t\t<div class=\"elementor-widget-container\">\n\t\t\t\t\t\t\t\t<div class=\"elementor-text-editor elementor-clearfix\">\n\t\t\t\t<div class=\"elementor-element elementor-element-0e060f5 elementor-widget elementor-widget-text-editor\" data-id=\"0e060f5\" data-element_type=\"widget\" data-widget_type=\"text-editor.default\"><div class=\"elementor-widget-container\"><div class=\"elementor-text-editor elementor-clearfix\"><p>We think that rebuilding the changing organizational structures in line with possible innovations will be one of the main responsibilities of human resources. While uncertainties, changes and expectations differ, as Peoplefocus, we aim for an effective, efficient and agile structure that supports sustainability and prepares the organization for the future for our organizational design service.<\/p><\/div><\/div><\/div>\t\t\t\t\t<\/div>\n\t\t\t\t\t\t<\/div>\n\t\t\t\t<\/div>\n\t\t\t\t\t\t<\/div>\n\t\t\t\t\t<\/div>\n\t\t<\/div>\n\t\t\t\t\t\t\t\t<\/div>\n\t\t\t\t\t<\/div>\n\t\t<\/section>\n\t\t\t\t<section class=\"has_ma_el_bg_slider elementor-section elementor-top-section elementor-element elementor-element-454284d animated-fast elementor-section-boxed elementor-section-height-default elementor-section-height-default jltma-glass-effect-no elementor-invisible\" data-id=\"454284d\" data-element_type=\"section\" data-settings=\"{&quot;animation&quot;:&quot;slideInUp&quot;,&quot;animation_delay&quot;:300}\">\n\t\t\t\t\t\t<div class=\"elementor-container elementor-column-gap-default\">\n\t\t\t\t\t\t\t<div class=\"elementor-row\">\n\t\t\t\t\t<div class=\"has_ma_el_bg_slider elementor-column elementor-col-100 elementor-top-column elementor-element elementor-element-24475c0 jltma-glass-effect-no\" data-id=\"24475c0\" data-element_type=\"column\">\n\t\t\t<div class=\"elementor-column-wrap elementor-element-populated\">\n\t\t\t\t\t\t\t<div class=\"elementor-widget-wrap\">\n\t\t\t\t\t\t<div class=\"elementor-element elementor-element-d521076 jltma-glass-effect-no elementor-widget elementor-widget-heading\" data-id=\"d521076\" data-element_type=\"widget\" data-widget_type=\"heading.default\">\n\t\t\t\t<div class=\"elementor-widget-container\">\n\t\t\t<h2 class=\"elementor-heading-title elementor-size-default\">Organizasyon Tasar\u0131m\u0131<\/h2>\t\t<\/div>\n\t\t\t\t<\/div>\n\t\t\t\t<div class=\"elementor-element elementor-element-4520e36 jltma-glass-effect-no elementor-widget elementor-widget-text-editor\" data-id=\"4520e36\" data-element_type=\"widget\" data-widget_type=\"text-editor.default\">\n\t\t\t\t<div class=\"elementor-widget-container\">\n\t\t\t\t\t\t\t\t<div class=\"elementor-text-editor elementor-clearfix\">\n\t\t\t\t<p>Organizasyon \u015femas\u0131n\u0131, yap\u0131s\u0131n\u0131 tasarlarken,\u00a0 \u015firketin stratejisini, hedeflerini, b\u00fct\u00e7e dinamiklerini, de\u011fer zincirini, i\u015f plan\u0131 ve uygulamalar\u0131n\u0131, i\u015f modellerini, ileti\u015fim kanal ve \u00e7e\u015fitlerini, karar verme yetkilerini,\u00a0 \u00f6l\u00e7me de\u011ferlendirme ara\u00e7lar\u0131n\u0131, rekabet stratejisini, organizasyondaki\u00a0geli\u015fim alanlar\u0131n\u0131,\u00a0rol ve sorumluluklar\u0131n neler oldu\u011funu detayl\u0131ca inceliyoruz.<\/p><p>Standart organizasyon \u015femalar\u0131 d\u0131\u015f\u0131nda \u015firketin ula\u015fmak istedi\u011fi hedefe uygun bir tasar\u0131m ger\u00e7ekle\u015ftirmeyi \u00f6nemsiyor, ya\u015fayan, \u00e7evik, esnek, dayan\u0131kl\u0131 yap\u0131lar kurmay\u0131 hedefliyoruz.<\/p><p>Organizasyonlar\u0131n potansiyel ve geli\u015fim haritas\u0131n\u0131 olu\u015fturuyor, online de\u011ferlendirme envanterlerinden yararlanarak birlikte \u00fcreten geli\u015fen, \u00f6\u011frenen bir organizasyonun temelini olu\u015fturuyoruz.<\/p><p>T\u00fcm bu s\u00fcre\u00e7leri y\u00fcr\u00fcterek \u00a0\u201cde\u011fi\u015fim y\u00f6netimi\u201d kurgusunu sa\u011fl\u0131yor, organizasyonun s\u00fcrd\u00fcr\u00fclebilirli\u011fi i\u00e7in de\u011fi\u015fikli\u011fin \u00f6nemini aktar\u0131yoruz. De\u011fi\u015fim ve ileti\u015fim y\u00f6netimi s\u00fcre\u00e7lerini dizayn ediyor, bu s\u00fcre\u00e7te i\u015f ortaklar\u0131m\u0131z\u0131n ve ekip arkada\u015flar\u0131m\u0131z\u0131n yan\u0131nda oluyoruz.<\/p>\t\t\t\t\t<\/div>\n\t\t\t\t\t\t<\/div>\n\t\t\t\t<\/div>\n\t\t\t\t\t\t<\/div>\n\t\t\t\t\t<\/div>\n\t\t<\/div>\n\t\t\t\t\t\t\t\t<\/div>\n\t\t\t\t\t<\/div>\n\t\t<\/section>\n\t\t\t\t<section class=\"has_ma_el_bg_slider elementor-section elementor-top-section elementor-element elementor-element-e8dc7e0 animated-fast elementor-section-boxed elementor-section-height-default elementor-section-height-default jltma-glass-effect-no elementor-invisible\" data-id=\"e8dc7e0\" data-element_type=\"section\" data-settings=\"{&quot;animation&quot;:&quot;slideInUp&quot;,&quot;animation_delay&quot;:300}\">\n\t\t\t\t\t\t<div class=\"elementor-container elementor-column-gap-default\">\n\t\t\t\t\t\t\t<div class=\"elementor-row\">\n\t\t\t\t\t<div class=\"has_ma_el_bg_slider elementor-column elementor-col-100 elementor-top-column elementor-element elementor-element-6a9b80a jltma-glass-effect-no\" data-id=\"6a9b80a\" data-element_type=\"column\">\n\t\t\t<div class=\"elementor-column-wrap elementor-element-populated\">\n\t\t\t\t\t\t\t<div class=\"elementor-widget-wrap\">\n\t\t\t\t\t\t<div class=\"elementor-element elementor-element-70119be jltma-glass-effect-no elementor-widget elementor-widget-heading\" data-id=\"70119be\" data-element_type=\"widget\" data-widget_type=\"heading.default\">\n\t\t\t\t<div class=\"elementor-widget-container\">\n\t\t\t<h2 class=\"elementor-heading-title elementor-size-default\">Latest Articles<\/h2>\t\t<\/div>\n\t\t\t\t<\/div>\n\t\t\t\t<div class=\"elementor-element elementor-element-505d589 jltma-glass-effect-no elementor-widget elementor-widget-text-editor\" data-id=\"505d589\" data-element_type=\"widget\" data-widget_type=\"text-editor.default\">\n\t\t\t\t<div class=\"elementor-widget-container\">\n\t\t\t\t\t\t\t\t<div class=\"elementor-text-editor elementor-clearfix\">\n\t\t\t\t<p>Check out our articles on organizational design!<\/p>\t\t\t\t\t<\/div>\n\t\t\t\t\t\t<\/div>\n\t\t\t\t<\/div>\n\t\t\t\t<div class=\"elementor-element elementor-element-1a49827 jltma-glass-effect-no elementor-widget elementor-widget-wp-widget-creative_agency_recent_post\" data-id=\"1a49827\" data-element_type=\"widget\" data-widget_type=\"wp-widget-creative_agency_recent_post.default\">\n\t\t\t\t<div class=\"elementor-widget-container\">\n\t\t\t\t\t<div class=\"ca-recent-post\">\r\n\t\t\t<div class=\"ca-coulmn-post \">\r\n\t\t\t\t<h4 class=\"widget-title\"><\/h4>\r\n\t\t\t\t<ul class=\"ca-col-3\">\r\n\t\t\t\t\t\t\t\t\t<\/ul>\r\n\t\t\t<\/div>\r\n\t\t<\/div>\r\n\t\t\t<\/div>\n\t\t\t\t<\/div>\n\t\t\t\t\t\t<\/div>\n\t\t\t\t\t<\/div>\n\t\t<\/div>\n\t\t\t\t\t\t\t\t<\/div>\n\t\t\t\t\t<\/div>\n\t\t<\/section>\n\t\t\t\t\t\t\t\t\t<\/div>\n\t\t\t<\/div>\n\t\t\t\t\t<\/div>\n\t\t","protected":false},"excerpt":{"rendered":"<p>Organization Design We think that rebuilding the changing organizational structures in line with possible innovations will be one of the main responsibilities of human resources. While uncertainties, changes [&hellip;]<\/p>\n","protected":false},"author":1,"featured_media":0,"parent":3398,"menu_order":0,"comment_status":"closed","ping_status":"closed","template":"page-templates\/home-page-v2.php","meta":{"_vp_format_video_url":"","_vp_image_focal_point":[]},"_links":{"self":[{"href":"https:\/\/peoplefocushr.com\/en\/wp-json\/wp\/v2\/pages\/3426"}],"collection":[{"href":"https:\/\/peoplefocushr.com\/en\/wp-json\/wp\/v2\/pages"}],"about":[{"href":"https:\/\/peoplefocushr.com\/en\/wp-json\/wp\/v2\/types\/page"}],"author":[{"embeddable":true,"href":"https:\/\/peoplefocushr.com\/en\/wp-json\/wp\/v2\/users\/1"}],"replies":[{"embeddable":true,"href":"https:\/\/peoplefocushr.com\/en\/wp-json\/wp\/v2\/comments?post=3426"}],"version-history":[{"count":5,"href":"https:\/\/peoplefocushr.com\/en\/wp-json\/wp\/v2\/pages\/3426\/revisions"}],"predecessor-version":[{"id":3925,"href":"https:\/\/peoplefocushr.com\/en\/wp-json\/wp\/v2\/pages\/3426\/revisions\/3925"}],"up":[{"embeddable":true,"href":"https:\/\/peoplefocushr.com\/en\/wp-json\/wp\/v2\/pages\/3398"}],"wp:attachment":[{"href":"https:\/\/peoplefocushr.com\/en\/wp-json\/wp\/v2\/media?parent=3426"}],"curies":[{"name":"wp","href":"https:\/\/api.w.org\/{rel}","templated":true}]}}