
{"id":3443,"date":"2020-11-29T17:56:28","date_gmt":"2020-11-29T17:56:28","guid":{"rendered":"http:\/\/peoplefocushr.com\/?page_id=3443"},"modified":"2021-07-09T11:13:01","modified_gmt":"2021-07-09T11:13:01","slug":"why-us","status":"publish","type":"page","link":"https:\/\/peoplefocushr.com\/en\/why-us\/","title":{"rendered":"Why Us"},"content":{"rendered":"\t\t<div data-elementor-type=\"wp-post\" data-elementor-id=\"3443\" class=\"elementor elementor-3443\">\n\t\t\t\t\t\t<div class=\"elementor-inner\">\n\t\t\t\t<div class=\"elementor-section-wrap\">\n\t\t\t\t\t\t\t\t\t<section class=\"has_ma_el_bg_slider elementor-section elementor-top-section elementor-element elementor-element-25673ce elementor-section-full_width elementor-section-height-default elementor-section-height-default jltma-glass-effect-no\" data-id=\"25673ce\" data-element_type=\"section\" data-settings=\"{&quot;background_background&quot;:&quot;classic&quot;}\">\n\t\t\t\t\t\t\t<div class=\"elementor-background-overlay\"><\/div>\n\t\t\t\t\t\t\t<div class=\"elementor-container elementor-column-gap-no\">\n\t\t\t\t\t\t\t<div class=\"elementor-row\">\n\t\t\t\t\t<div class=\"has_ma_el_bg_slider elementor-column elementor-col-100 elementor-top-column elementor-element elementor-element-5037197 jltma-glass-effect-no\" data-id=\"5037197\" data-element_type=\"column\">\n\t\t\t<div class=\"elementor-column-wrap elementor-element-populated\">\n\t\t\t\t\t\t\t<div class=\"elementor-widget-wrap\">\n\t\t\t\t\t\t<div class=\"elementor-element elementor-element-b7a91ba animated-fast jltma-glass-effect-no elementor-invisible elementor-widget elementor-widget-heading\" data-id=\"b7a91ba\" data-element_type=\"widget\" data-settings=\"{&quot;_animation&quot;:&quot;slideInUp&quot;,&quot;_animation_delay&quot;:300}\" data-widget_type=\"heading.default\">\n\t\t\t\t<div class=\"elementor-widget-container\">\n\t\t\t<h2 class=\"elementor-heading-title elementor-size-default\">Why Us?<\/h2>\t\t<\/div>\n\t\t\t\t<\/div>\n\t\t\t\t<div class=\"elementor-element elementor-element-09c4e95 animated-fast jltma-glass-effect-no elementor-invisible elementor-widget elementor-widget-shortcode\" data-id=\"09c4e95\" data-element_type=\"widget\" data-settings=\"{&quot;_animation&quot;:&quot;slideInUp&quot;,&quot;_animation_delay&quot;:400}\" data-widget_type=\"shortcode.default\">\n\t\t\t\t<div class=\"elementor-widget-container\">\n\t\t\t\n<style type=\"text\/css\" id=\"breadcrumb-trail-css\">.breadcrumbs .trail-browse,.breadcrumbs .trail-items,.breadcrumbs .trail-items li {display: inline-block;margin:0;padding: 0;border:none;background:transparent;text-indent: 0;}.breadcrumbs .trail-browse {font-size: inherit;font-style:inherit;font-weight: inherit;color: inherit;}.breadcrumbs .trail-items {list-style: none;}.trail-items li::after {content: \"\\002F\";padding: 0 0.5em;}.trail-items li:last-of-type::after {display: none;}<\/style>\n<nav role=\"navigation\" aria-label=\"Breadcrumbs\" class=\"breadcrumb-trail breadcrumbs\"><ul class=\"trail-items\"><li class=\"trail-item trail-end\"><a href=\"https:\/\/peoplefocushr.com\/en\/\" rel=\"home\"><span>Home<\/span><\/a><\/li><\/ul><\/nav>\t\t<div class=\"elementor-shortcode\"> <\/div>\n\t\t\t\t<\/div>\n\t\t\t\t<\/div>\n\t\t\t\t\t\t<\/div>\n\t\t\t\t\t<\/div>\n\t\t<\/div>\n\t\t\t\t\t\t\t\t<\/div>\n\t\t\t\t\t<\/div>\n\t\t<\/section>\n\t\t\t\t<section class=\"has_ma_el_bg_slider elementor-section elementor-top-section elementor-element elementor-element-349f5c4 elementor-section-boxed elementor-section-height-default elementor-section-height-default jltma-glass-effect-no\" data-id=\"349f5c4\" data-element_type=\"section\">\n\t\t\t\t\t\t<div class=\"elementor-container elementor-column-gap-default\">\n\t\t\t\t\t\t\t<div class=\"elementor-row\">\n\t\t\t\t\t<div class=\"has_ma_el_bg_slider elementor-column elementor-col-25 elementor-top-column elementor-element elementor-element-32baf34 animated-fast jltma-glass-effect-no elementor-invisible\" data-id=\"32baf34\" data-element_type=\"column\" data-settings=\"{&quot;animation&quot;:&quot;slideInUp&quot;,&quot;animation_delay&quot;:300}\">\n\t\t\t<div class=\"elementor-column-wrap elementor-element-populated\">\n\t\t\t\t\t\t\t<div class=\"elementor-widget-wrap\">\n\t\t\t\t\t\t<div class=\"elementor-element elementor-element-338dac6 elementor-position-top elementor-vertical-align-top jltma-glass-effect-no elementor-widget elementor-widget-image-box\" data-id=\"338dac6\" data-element_type=\"widget\" data-widget_type=\"image-box.default\">\n\t\t\t\t<div class=\"elementor-widget-container\">\n\t\t\t<div class=\"elementor-image-box-wrapper\"><figure class=\"elementor-image-box-img\"><a href=\"#\"><img decoding=\"async\" width=\"128\" height=\"128\" src=\"https:\/\/peoplefocushr.com\/wp-content\/uploads\/2020\/08\/icon7.png\" class=\"attachment-full size-full wp-image-3074\" alt=\"\" loading=\"lazy\" srcset=\"https:\/\/peoplefocushr.com\/wp-content\/uploads\/2020\/08\/icon7.png 128w, https:\/\/peoplefocushr.com\/wp-content\/uploads\/2020\/08\/icon7-100x100.png 100w\" sizes=\"(max-width: 128px) 100vw, 128px\" \/><\/a><\/figure><div class=\"elementor-image-box-content\"><h4 class=\"elementor-image-box-title\"><a href=\"#\">INSPIRING LEADERSHIP<\/a><\/h4><p class=\"elementor-image-box-description\">As we do our job with passion, we put our signature under leading works in our industry. We passionately inspire the companies we serve and the employees we mediate, and we encourage them on the path to leadership.<\/p><\/div><\/div>\t\t<\/div>\n\t\t\t\t<\/div>\n\t\t\t\t\t\t<\/div>\n\t\t\t\t\t<\/div>\n\t\t<\/div>\n\t\t\t\t<div class=\"has_ma_el_bg_slider elementor-column elementor-col-25 elementor-top-column elementor-element elementor-element-d14b90c animated-fast jltma-glass-effect-no elementor-invisible\" data-id=\"d14b90c\" data-element_type=\"column\" data-settings=\"{&quot;animation&quot;:&quot;slideInUp&quot;,&quot;animation_delay&quot;:400}\">\n\t\t\t<div class=\"elementor-column-wrap elementor-element-populated\">\n\t\t\t\t\t\t\t<div class=\"elementor-widget-wrap\">\n\t\t\t\t\t\t<div class=\"elementor-element elementor-element-e1e7639 elementor-position-top elementor-vertical-align-top jltma-glass-effect-no elementor-widget elementor-widget-image-box\" data-id=\"e1e7639\" data-element_type=\"widget\" data-widget_type=\"image-box.default\">\n\t\t\t\t<div class=\"elementor-widget-container\">\n\t\t\t<div class=\"elementor-image-box-wrapper\"><figure class=\"elementor-image-box-img\"><a href=\"#\"><img decoding=\"async\" width=\"128\" height=\"128\" src=\"https:\/\/peoplefocushr.com\/wp-content\/uploads\/2020\/08\/icon23.png\" class=\"attachment-full size-full wp-image-3071\" alt=\"\" loading=\"lazy\" srcset=\"https:\/\/peoplefocushr.com\/wp-content\/uploads\/2020\/08\/icon23.png 128w, https:\/\/peoplefocushr.com\/wp-content\/uploads\/2020\/08\/icon23-100x100.png 100w\" sizes=\"(max-width: 128px) 100vw, 128px\" \/><\/a><\/figure><div class=\"elementor-image-box-content\"><h4 class=\"elementor-image-box-title\"><a href=\"#\">EXPERIENCED APPROACH<\/a><\/h4><p class=\"elementor-image-box-description\">We make a difference with our experienced team that has worked in the human resources sector for many years and specialized in various sectors. Believing in the success that comes with our experience, lifelong learning and improvement, we constantly improve ourselves and our business.\n<\/p><\/div><\/div>\t\t<\/div>\n\t\t\t\t<\/div>\n\t\t\t\t\t\t<\/div>\n\t\t\t\t\t<\/div>\n\t\t<\/div>\n\t\t\t\t<div class=\"has_ma_el_bg_slider elementor-column elementor-col-25 elementor-top-column elementor-element elementor-element-40263e2 animated-fast jltma-glass-effect-no elementor-invisible\" data-id=\"40263e2\" data-element_type=\"column\" data-settings=\"{&quot;animation&quot;:&quot;slideInUp&quot;,&quot;animation_delay&quot;:500}\">\n\t\t\t<div class=\"elementor-column-wrap elementor-element-populated\">\n\t\t\t\t\t\t\t<div class=\"elementor-widget-wrap\">\n\t\t\t\t\t\t<div class=\"elementor-element elementor-element-15e69fc elementor-position-top elementor-vertical-align-top jltma-glass-effect-no elementor-widget elementor-widget-image-box\" data-id=\"15e69fc\" data-element_type=\"widget\" data-widget_type=\"image-box.default\">\n\t\t\t\t<div class=\"elementor-widget-container\">\n\t\t\t<div class=\"elementor-image-box-wrapper\"><figure class=\"elementor-image-box-img\"><a href=\"#\"><img decoding=\"async\" width=\"128\" height=\"128\" src=\"https:\/\/peoplefocushr.com\/wp-content\/uploads\/2020\/08\/icon15.png\" class=\"attachment-full size-full wp-image-3075\" alt=\"\" loading=\"lazy\" srcset=\"https:\/\/peoplefocushr.com\/wp-content\/uploads\/2020\/08\/icon15.png 128w, https:\/\/peoplefocushr.com\/wp-content\/uploads\/2020\/08\/icon15-100x100.png 100w\" sizes=\"(max-width: 128px) 100vw, 128px\" \/><\/a><\/figure><div class=\"elementor-image-box-content\"><h4 class=\"elementor-image-box-title\"><a href=\"#\">WE FOLLOW INNOVATIONS<\/a><\/h4><p class=\"elementor-image-box-description\">We constantly follow the innovations in the sectors we serve and the developments in the world of human resources, and we refresh our business approach accordingly. Thanks to the entrepreneurial spirit of our team, we manage change properly.<\/p><\/div><\/div>\t\t<\/div>\n\t\t\t\t<\/div>\n\t\t\t\t\t\t<\/div>\n\t\t\t\t\t<\/div>\n\t\t<\/div>\n\t\t\t\t<div class=\"has_ma_el_bg_slider elementor-column elementor-col-25 elementor-top-column elementor-element elementor-element-88c7fba animated-fast jltma-glass-effect-no elementor-invisible\" data-id=\"88c7fba\" data-element_type=\"column\" data-settings=\"{&quot;animation&quot;:&quot;slideInUp&quot;,&quot;animation_delay&quot;:600}\">\n\t\t\t<div class=\"elementor-column-wrap elementor-element-populated\">\n\t\t\t\t\t\t\t<div class=\"elementor-widget-wrap\">\n\t\t\t\t\t\t<div class=\"elementor-element elementor-element-31f6f4e elementor-position-top elementor-vertical-align-top jltma-glass-effect-no elementor-widget elementor-widget-image-box\" data-id=\"31f6f4e\" data-element_type=\"widget\" data-widget_type=\"image-box.default\">\n\t\t\t\t<div class=\"elementor-widget-container\">\n\t\t\t<div class=\"elementor-image-box-wrapper\"><figure class=\"elementor-image-box-img\"><a href=\"#\"><img decoding=\"async\" width=\"128\" height=\"128\" src=\"https:\/\/peoplefocushr.com\/wp-content\/uploads\/2020\/08\/people-2.png\" class=\"attachment-full size-full wp-image-3111\" alt=\"\" loading=\"lazy\" srcset=\"https:\/\/peoplefocushr.com\/wp-content\/uploads\/2020\/08\/people-2.png 128w, https:\/\/peoplefocushr.com\/wp-content\/uploads\/2020\/08\/people-2-100x100.png 100w\" sizes=\"(max-width: 128px) 100vw, 128px\" \/><\/a><\/figure><div class=\"elementor-image-box-content\"><h4 class=\"elementor-image-box-title\"><a href=\"#\">AS THE FOCUS OF OUR BUSINESS, HUMANITY<\/a><\/h4><p class=\"elementor-image-box-description\">While providing human resources services, we do not get lost amid companies and job postings, we only focus on people. We know very well that both the corporate needs and individual expectations are closely related to the human factor.<\/p><\/div><\/div>\t\t<\/div>\n\t\t\t\t<\/div>\n\t\t\t\t\t\t<\/div>\n\t\t\t\t\t<\/div>\n\t\t<\/div>\n\t\t\t\t\t\t\t\t<\/div>\n\t\t\t\t\t<\/div>\n\t\t<\/section>\n\t\t\t\t<section class=\"has_ma_el_bg_slider elementor-section elementor-top-section elementor-element elementor-element-0e26e45 elementor-section-content-middle elementor-section-boxed elementor-section-height-default elementor-section-height-default jltma-glass-effect-no\" data-id=\"0e26e45\" data-element_type=\"section\" data-settings=\"{&quot;background_background&quot;:&quot;classic&quot;}\">\n\t\t\t\t\t\t<div class=\"elementor-container elementor-column-gap-default\">\n\t\t\t\t\t\t\t<div class=\"elementor-row\">\n\t\t\t\t\t<div class=\"has_ma_el_bg_slider elementor-column elementor-col-100 elementor-top-column elementor-element elementor-element-de64593 animated-fast jltma-glass-effect-no elementor-invisible\" data-id=\"de64593\" data-element_type=\"column\" data-settings=\"{&quot;animation&quot;:&quot;slideInRight&quot;,&quot;animation_delay&quot;:300}\">\n\t\t\t<div class=\"elementor-column-wrap elementor-element-populated\">\n\t\t\t\t\t\t\t<div class=\"elementor-widget-wrap\">\n\t\t\t\t\t\t<div class=\"elementor-element elementor-element-21c50a0 jltma-glass-effect-no elementor-widget elementor-widget-heading\" data-id=\"21c50a0\" data-element_type=\"widget\" data-widget_type=\"heading.default\">\n\t\t\t\t<div class=\"elementor-widget-container\">\n\t\t\t<h2 class=\"elementor-heading-title elementor-size-default\">Message from our General Manager<\/h2>\t\t<\/div>\n\t\t\t\t<\/div>\n\t\t\t\t<div class=\"elementor-element elementor-element-fd46fbd jltma-glass-effect-no elementor-widget elementor-widget-text-editor\" data-id=\"fd46fbd\" data-element_type=\"widget\" data-widget_type=\"text-editor.default\">\n\t\t\t\t<div class=\"elementor-widget-container\">\n\t\t\t\t\t\t\t\t<div class=\"elementor-text-editor elementor-clearfix\">\n\t\t\t\t<div class=\"elementor-element elementor-element-40ce003 elementor-widget elementor-widget-text-editor\" data-id=\"40ce003\" data-element_type=\"widget\" data-widget_type=\"text-editor.default\"><div class=\"elementor-widget-container\"><div class=\"elementor-text-editor elementor-clearfix\"><p>As a team that has been working in all areas of human resources for many years, we believe that human resources consultancy should be supported and transformed with information, technology and scientific approaches. We underline once again that, with the quality of our service we offer, our profession is not just sending CVs or performing the same applications for every customer. We make our success sustainable by passing on our knowledge, experience, the trainings we receive abroad and in our country and the depths of our profession to both our business partners and our candidates. Keeping up with the transformation in the world, we research human resources analytics, online assessment tools, robotic systems, and different technological tools that we can use in our processes andwe\u00a0 adapt them to our services.<\/p><p>With our passion for our profession and our trust in human potential; we work as we care about what kind of heritage we want to leave to our country and the world in the future. We wish to inspire many people by learning, developing, and at the same time spreading goodness and universal values as well as our core values, with every person and organization we get in touch with. <\/p><\/div><\/div><\/div>\t\t\t\t\t<\/div>\n\t\t\t\t\t\t<\/div>\n\t\t\t\t<\/div>\n\t\t\t\t<div class=\"elementor-element elementor-element-f728c1d jltma-glass-effect-no elementor-widget elementor-widget-text-editor\" data-id=\"f728c1d\" data-element_type=\"widget\" data-widget_type=\"text-editor.default\">\n\t\t\t\t<div class=\"elementor-widget-container\">\n\t\t\t\t\t\t\t\t<div class=\"elementor-text-editor elementor-clearfix\">\n\t\t\t\t<p><em>Ba\u015fak G\u00fcl \u00c7ak\u0131r \u2013 Peoplefocus HR General Manager<\/em><\/p>\t\t\t\t\t<\/div>\n\t\t\t\t\t\t<\/div>\n\t\t\t\t<\/div>\n\t\t\t\t\t\t<\/div>\n\t\t\t\t\t<\/div>\n\t\t<\/div>\n\t\t\t\t\t\t\t\t<\/div>\n\t\t\t\t\t<\/div>\n\t\t<\/section>\n\t\t\t\t<section class=\"has_ma_el_bg_slider elementor-section elementor-top-section elementor-element elementor-element-aea01a1 elementor-section-content-middle animated-fast elementor-section-boxed elementor-section-height-default elementor-section-height-default jltma-glass-effect-no elementor-invisible\" data-id=\"aea01a1\" data-element_type=\"section\" data-settings=\"{&quot;background_background&quot;:&quot;gradient&quot;,&quot;animation&quot;:&quot;slideInUp&quot;,&quot;animation_delay&quot;:400}\">\n\t\t\t\t\t\t<div class=\"elementor-container elementor-column-gap-default\">\n\t\t\t\t\t\t\t<div class=\"elementor-row\">\n\t\t\t\t\t<div class=\"has_ma_el_bg_slider elementor-column elementor-col-66 elementor-top-column elementor-element elementor-element-baf3f82 jltma-glass-effect-no\" data-id=\"baf3f82\" data-element_type=\"column\">\n\t\t\t<div class=\"elementor-column-wrap elementor-element-populated\">\n\t\t\t\t\t\t\t<div class=\"elementor-widget-wrap\">\n\t\t\t\t\t\t<div class=\"elementor-element elementor-element-fd7d3a7 jltma-glass-effect-no elementor-widget elementor-widget-heading\" data-id=\"fd7d3a7\" data-element_type=\"widget\" data-widget_type=\"heading.default\">\n\t\t\t\t<div class=\"elementor-widget-container\">\n\t\t\t<h2 class=\"elementor-heading-title elementor-size-default\">Would you like to work with us?<\/h2>\t\t<\/div>\n\t\t\t\t<\/div>\n\t\t\t\t\t\t<\/div>\n\t\t\t\t\t<\/div>\n\t\t<\/div>\n\t\t\t\t<div class=\"has_ma_el_bg_slider elementor-column elementor-col-33 elementor-top-column elementor-element elementor-element-27ee346 jltma-glass-effect-no\" data-id=\"27ee346\" data-element_type=\"column\">\n\t\t\t<div class=\"elementor-column-wrap elementor-element-populated\">\n\t\t\t\t\t\t\t<div class=\"elementor-widget-wrap\">\n\t\t\t\t\t\t<div class=\"elementor-element elementor-element-66804d5 elementor-align-right elementor-tablet-align-center jltma-glass-effect-no elementor-widget elementor-widget-button\" data-id=\"66804d5\" data-element_type=\"widget\" data-widget_type=\"button.default\">\n\t\t\t\t<div class=\"elementor-widget-container\">\n\t\t\t\t\t<div class=\"elementor-button-wrapper\">\n\t\t\t<a href=\"http:\/\/peoplefocushr.com\/en\/contact-us\/\" class=\"elementor-button-link elementor-button elementor-size-lg\" role=\"button\">\n\t\t\t\t\t\t<span class=\"elementor-button-content-wrapper\">\n\t\t\t\t\t\t<span class=\"elementor-button-text\">Contact us<\/span>\n\t\t<\/span>\n\t\t\t\t\t<\/a>\n\t\t<\/div>\n\t\t\t\t<\/div>\n\t\t\t\t<\/div>\n\t\t\t\t\t\t<\/div>\n\t\t\t\t\t<\/div>\n\t\t<\/div>\n\t\t\t\t\t\t\t\t<\/div>\n\t\t\t\t\t<\/div>\n\t\t<\/section>\n\t\t\t\t\t\t\t\t\t<\/div>\n\t\t\t<\/div>\n\t\t\t\t\t<\/div>\n\t\t","protected":false},"excerpt":{"rendered":"<p>Why Us? INSPIRING LEADERSHIP As we do our job with passion, we put our signature under leading works in our industry. We passionately inspire the companies we serve [&hellip;]<\/p>\n","protected":false},"author":1,"featured_media":0,"parent":0,"menu_order":0,"comment_status":"closed","ping_status":"closed","template":"page-templates\/home-page-v2.php","meta":{"_vp_format_video_url":"","_vp_image_focal_point":[]},"_links":{"self":[{"href":"https:\/\/peoplefocushr.com\/en\/wp-json\/wp\/v2\/pages\/3443"}],"collection":[{"href":"https:\/\/peoplefocushr.com\/en\/wp-json\/wp\/v2\/pages"}],"about":[{"href":"https:\/\/peoplefocushr.com\/en\/wp-json\/wp\/v2\/types\/page"}],"author":[{"embeddable":true,"href":"https:\/\/peoplefocushr.com\/en\/wp-json\/wp\/v2\/users\/1"}],"replies":[{"embeddable":true,"href":"https:\/\/peoplefocushr.com\/en\/wp-json\/wp\/v2\/comments?post=3443"}],"version-history":[{"count":5,"href":"https:\/\/peoplefocushr.com\/en\/wp-json\/wp\/v2\/pages\/3443\/revisions"}],"predecessor-version":[{"id":3914,"href":"https:\/\/peoplefocushr.com\/en\/wp-json\/wp\/v2\/pages\/3443\/revisions\/3914"}],"wp:attachment":[{"href":"https:\/\/peoplefocushr.com\/en\/wp-json\/wp\/v2\/media?parent=3443"}],"curies":[{"name":"wp","href":"https:\/\/api.w.org\/{rel}","templated":true}]}}